{"id":213,"date":"2019-04-07T10:15:27","date_gmt":"2019-04-07T10:15:27","guid":{"rendered":"http:\/\/mainathlon.de\/?page_id=213"},"modified":"2024-11-03T16:15:42","modified_gmt":"2024-11-03T15:15:42","slug":"213-2","status":"publish","type":"page","link":"https:\/\/mainathlon.de\/home\/213-2\/","title":{"rendered":"Helfer"},"content":{"rendered":"<p>[et_pb_section fb_built=&#8220;1&#8243; _builder_version=&#8220;4.16&#8243; global_colors_info=&#8220;{}&#8220;][et_pb_row _builder_version=&#8220;4.16&#8243; global_colors_info=&#8220;{}&#8220;][et_pb_column type=&#8220;4_4&#8243; _builder_version=&#8220;4.16&#8243; custom_padding=&#8220;|||&#8220; global_colors_info=&#8220;{}&#8220; custom_padding__hover=&#8220;|||&#8220;][et_pb_text _builder_version=&#8220;4.16&#8243; text_font=&#8220;|700|||||||&#8220; text_text_color=&#8220;#7b0a03&#8243; text_font_size=&#8220;30px&#8220; text_letter_spacing=&#8220;2px&#8220; header_font=&#8220;||||||||&#8220; global_colors_info=&#8220;{}&#8220;]<\/p>\n<p>HELFER<\/p>\n<p>[\/et_pb_text][\/et_pb_column][\/et_pb_row][et_pb_row use_custom_gutter=&#8220;on&#8220; gutter_width=&#8220;1&#8243; _builder_version=&#8220;4.16&#8243; global_colors_info=&#8220;{}&#8220;][et_pb_column type=&#8220;4_4&#8243; _builder_version=&#8220;4.16&#8243; global_colors_info=&#8220;{}&#8220;][et_pb_gallery gallery_ids=&#8220;666,663,664,669&#8243; show_title_and_caption=&#8220;off&#8220; show_pagination=&#8220;off&#8220; module_class=&#8220;disable_lightbox&#8220; _builder_version=&#8220;4.16&#8243; filter_saturate=&#8220;131%&#8220; custom_css_gallery_item=&#8220;padding: 2px;&#8220; custom_css_overlay=&#8220;display: none;&#8220; custom_css_overlay_icon=&#8220;display: none;&#8220; custom_css_gallery_item_title=&#8220;display: none;&#8220; custom_css_gallery_item_caption=&#8220;display: none;&#8220; custom_css_gallery_pagination=&#8220;display: none;&#8220; custom_css_gallery_pagination_active=&#8220;display: none;&#8220; global_colors_info=&#8220;{}&#8220;][\/et_pb_gallery][\/et_pb_column][\/et_pb_row][et_pb_row use_custom_gutter=&#8220;on&#8220; gutter_width=&#8220;1&#8243; _builder_version=&#8220;4.16&#8243; custom_padding=&#8220;36px||36px||false|false&#8220; global_colors_info=&#8220;{}&#8220;][et_pb_column type=&#8220;4_4&#8243; _builder_version=&#8220;4.16&#8243; custom_padding=&#8220;|||&#8220; global_colors_info=&#8220;{}&#8220; custom_padding__hover=&#8220;|||&#8220;][et_pb_text _builder_version=&#8220;4.16&#8243; text_font=&#8220;||||||||&#8220; text_text_color=&#8220;#7f7f7f&#8220; text_font_size=&#8220;16px&#8220; text_line_height=&#8220;2.1em&#8220; global_colors_info=&#8220;{}&#8220;]<\/p>\n<p id=\"u124492-2\">Ziel des mainathlon ist, allen Wettk\u00e4mpferinnen und Wettk\u00e4mpfern sowie allen Zuschauern eine unvergessliche Sport- und Kulturveranstaltung im traumhaften St\u00e4dtchen Eltmann zu bieten. Neben der Stadt Eltmann und den zahlreichen Sponsoren sind wir als Organisatoren zur Durchf\u00fchrung der Veranstaltung\u00a0 auf ein tatkr\u00e4ftiges TEAM angewiesen. Ohne ein solches TEAM w\u00e4re der mainathlon nicht das, was er ist.<\/p>\n<p id=\"u124492-4\"><strong>Ohne Helfer geht nichts!<\/strong><\/p>\n<p id=\"u124492-6\">Zur Durchf\u00fchrung des mainathlon sind ca. 150 freiwillige Helfer notwendig. Ihr sorgt daf\u00fcr, dass von A wie Anmeldung bis Z wie Zeitnahme alles reibungslos abl\u00e4uft.<\/p>\n<p id=\"u124492-9\">Du willst Eltmann bewegen und uns bei der Durchf\u00fchrung des mainathlon unterst\u00fctzen?<\/p>\n<p id=\"u124492-11\">Dann schreibe uns per <span style=\"text-decoration: underline;\"><a href=\"mailto:info@mainathlon.de\">Mail<\/a><\/span> im Kurzformat wer du bist und wie du uns gerne unters\u00fctzen m\u00f6chtest. Wir werden dann auf dich zukommen und die Details kl\u00e4ren&#8230;<\/p>\n<p id=\"u124492-14\">P.S.:<\/p>\n<p id=\"u124492-16\">Als Helfer erhaltet ihr ein mainathlon TEAM-Shirt, w\u00e4hrend der Veranstaltung alkoholfreie Getr\u00e4nke, einen Gutschein zu unserem gemeinsamen Wei\u00dfwurstfr\u00fchst\u00fcck und einen Verpflegungsbeutel mit einem kleinen Pr\u00e4sent.<\/p>\n<p id=\"u124492-19\">Wir freuen uns auf euch!<\/p>\n<p id=\"u124492-22\">euer mainathlon-TEAM<\/p>\n<p>[\/et_pb_text][\/et_pb_column][\/et_pb_row][\/et_pb_section]<\/p>\n","protected":false},"excerpt":{"rendered":"<p>HELFERZiel des mainathlon ist, allen Wettk\u00e4mpferinnen und Wettk\u00e4mpfern sowie allen Zuschauern eine unvergessliche Sport- und Kulturveranstaltung im traumhaften St\u00e4dtchen Eltmann zu bieten. Neben der Stadt Eltmann und den zahlreichen Sponsoren sind wir als Organisatoren zur Durchf\u00fchrung der Veranstaltung\u00a0 auf ein tatkr\u00e4ftiges TEAM angewiesen. Ohne ein solches TEAM w\u00e4re der mainathlon nicht das, was er ist. [&hellip;]<\/p>\n","protected":false},"author":1,"featured_media":0,"parent":0,"menu_order":0,"comment_status":"closed","ping_status":"closed","template":"","meta":{"_et_pb_use_builder":"on","_et_pb_old_content":"","_et_gb_content_width":"","footnotes":""},"class_list":["post-213","page","type-page","status-publish","hentry"],"_links":{"self":[{"href":"https:\/\/mainathlon.de\/home\/wp-json\/wp\/v2\/pages\/213","targetHints":{"allow":["GET"]}}],"collection":[{"href":"https:\/\/mainathlon.de\/home\/wp-json\/wp\/v2\/pages"}],"about":[{"href":"https:\/\/mainathlon.de\/home\/wp-json\/wp\/v2\/types\/page"}],"author":[{"embeddable":true,"href":"https:\/\/mainathlon.de\/home\/wp-json\/wp\/v2\/users\/1"}],"replies":[{"embeddable":true,"href":"https:\/\/mainathlon.de\/home\/wp-json\/wp\/v2\/comments?post=213"}],"version-history":[{"count":26,"href":"https:\/\/mainathlon.de\/home\/wp-json\/wp\/v2\/pages\/213\/revisions"}],"predecessor-version":[{"id":1727,"href":"https:\/\/mainathlon.de\/home\/wp-json\/wp\/v2\/pages\/213\/revisions\/1727"}],"wp:attachment":[{"href":"https:\/\/mainathlon.de\/home\/wp-json\/wp\/v2\/media?parent=213"}],"curies":[{"name":"wp","href":"https:\/\/api.w.org\/{rel}","templated":true}]}}