{"id":251,"date":"2019-04-13T11:20:05","date_gmt":"2019-04-13T09:20:05","guid":{"rendered":"http:\/\/mainathlon.de\/?page_id=251"},"modified":"2025-04-02T17:50:53","modified_gmt":"2025-04-02T15:50:53","slug":"rahmenprogramm","status":"publish","type":"page","link":"https:\/\/mainathlon.de\/home\/rahmenprogramm\/","title":{"rendered":"\u00dcbersicht"},"content":{"rendered":"<p>[et_pb_section fb_built=&#8220;1&#8243; admin_label=&#8220;Hero&#8220; _builder_version=&#8220;4.27.4&#8243; use_background_color_gradient=&#8220;on&#8220; background_color_gradient_stops=&#8220;rgba(0,0,0,0) 37%|rgba(0,0,0,0.5) 100%&#8220; background_color_gradient_overlays_image=&#8220;on&#8220; background_color_gradient_start=&#8220;rgba(0,0,0,0.5)&#8220; background_color_gradient_end=&#8220;rgba(0,0,0,0)&#8220; background_image=&#8220;https:\/\/mainathlon.de\/wp-content\/uploads\/2025\/04\/Los_Pistoleros_-_Presskit_Tour_20251.png&#8220; min_height=&#8220;520px&#8220; custom_margin=&#8220;|||&#8220; custom_padding=&#8220;92px||92px||true|&#8220; bottom_divider_style=&#8220;slant&#8220; bottom_divider_color=&#8220;#ffffff&#8220; bottom_divider_flip=&#8220;horizontal&#8220; animation_style=&#8220;slide&#8220; animation_direction=&#8220;top&#8220; animation_intensity_slide=&#8220;5%&#8220; animation_starting_opacity=&#8220;100%&#8220; hover_enabled=&#8220;0&#8243; global_colors_info=&#8220;{}&#8220; theme_builder_area=&#8220;post_content&#8220; title_text=&#8220;Los_Pistoleros_-_Presskit_Tour_2025%911%93&#8243; sticky_enabled=&#8220;0&#8243;][et_pb_row column_structure=&#8220;3_4,1_4&#8243; _builder_version=&#8220;4.27.2&#8243; background_size=&#8220;initial&#8220; background_position=&#8220;top_left&#8220; background_repeat=&#8220;repeat&#8220; custom_padding=&#8220;27px|0px|0px|0px&#8220; global_colors_info=&#8220;{}&#8220; theme_builder_area=&#8220;post_content&#8220;][et_pb_column type=&#8220;3_4&#8243; _builder_version=&#8220;4.16&#8243; custom_padding=&#8220;|||&#8220; global_colors_info=&#8220;{}&#8220; custom_padding__hover=&#8220;|||&#8220; theme_builder_area=&#8220;post_content&#8220;][et_pb_text admin_label=&#8220;Title&#8220; _builder_version=&#8220;4.27.4&#8243; text_font=&#8220;||||||||&#8220; header_font=&#8220;|600|||||||&#8220; header_font_size=&#8220;80px&#8220; header_line_height=&#8220;1.2em&#8220; background_layout=&#8220;dark&#8220; animation_style=&#8220;zoom&#8220; animation_direction=&#8220;left&#8220; animation_intensity_zoom=&#8220;10%&#8220; hover_enabled=&#8220;0&#8243; header_font_size_tablet=&#8220;&#8220; header_font_size_phone=&#8220;34px&#8220; header_font_size_last_edited=&#8220;on|phone&#8220; global_colors_info=&#8220;{}&#8220; theme_builder_area=&#8220;post_content&#8220; sticky_enabled=&#8220;0&#8243; content_last_edited=&#8220;off|desktop&#8220;]<\/p>\n<h1>Rahmenprogramm<\/h1>\n<p>[\/et_pb_text][et_pb_text _builder_version=&#8220;4.27.4&#8243; _module_preset=&#8220;default&#8220; theme_builder_area=&#8220;post_content&#8220; custom_margin=&#8220;-45px|||||&#8220; hover_enabled=&#8220;0&#8243; sticky_enabled=&#8220;0&#8243;]<\/p>\n<h3>Powerd by &#8211; PID &#8211;<\/h3>\n<p>[\/et_pb_text][et_pb_divider color=&#8220;rgba(255,255,255,0.7)&#8220; divider_weight=&#8220;3px&#8220; admin_label=&#8220;Teiler&#8220; _builder_version=&#8220;4.27.2&#8243; max_width=&#8220;120px&#8220; max_height=&#8220;1000px&#8220; animation_style=&#8220;zoom&#8220; animation_direction=&#8220;left&#8220; global_colors_info=&#8220;{}&#8220; theme_builder_area=&#8220;post_content&#8220;][\/et_pb_divider][et_pb_text admin_label=&#8220;Text&#8220; _builder_version=&#8220;4.27.4&#8243; text_font=&#8220;|300|||||||&#8220; text_font_size=&#8220;42px&#8220; text_line_height=&#8220;1.8em&#8220; background_layout=&#8220;dark&#8220; custom_padding=&#8220;||0px|||&#8220; animation_style=&#8220;zoom&#8220; animation_direction=&#8220;left&#8220; animation_delay=&#8220;100ms&#8220; animation_intensity_zoom=&#8220;10%&#8220; hover_enabled=&#8220;0&#8243; global_colors_info=&#8220;{}&#8220; theme_builder_area=&#8220;post_content&#8220; sticky_enabled=&#8220;0&#8243;]<\/p>\n<p>Die 4. Disziplin&#8230;<\/p>\n<p>[\/et_pb_text][\/et_pb_column][et_pb_column type=&#8220;1_4&#8243; _builder_version=&#8220;4.16&#8243; custom_padding=&#8220;|||&#8220; global_colors_info=&#8220;{}&#8220; custom_padding__hover=&#8220;|||&#8220; theme_builder_area=&#8220;post_content&#8220;][et_pb_image _builder_version=&#8220;4.27.4&#8243; _module_preset=&#8220;default&#8220; theme_builder_area=&#8220;post_content&#8220; alt=&#8220;Logo_PID&#8220; title_text=&#8220;Logo_PID&#8220; src=&#8220;https:\/\/mainathlon.de\/wp-content\/uploads\/2020\/01\/Logo_PID.png&#8220; hover_enabled=&#8220;0&#8243; sticky_enabled=&#8220;0&#8243; background_color=&#8220;#FFFFFF&#8220; custom_padding=&#8220;10px|30px|10px|30px|false|false&#8220; url=&#8220;https:\/\/www.pid.team\/&#8220; url_new_window=&#8220;on&#8220;][\/et_pb_image][\/et_pb_column][\/et_pb_row][\/et_pb_section][et_pb_section fb_built=&#8220;1&#8243; _builder_version=&#8220;4.16&#8243; custom_padding=&#8220;0px|||||&#8220; global_colors_info=&#8220;{}&#8220;][et_pb_row _builder_version=&#8220;4.16&#8243; global_colors_info=&#8220;{}&#8220;][et_pb_column type=&#8220;4_4&#8243; _builder_version=&#8220;4.16&#8243; global_colors_info=&#8220;{}&#8220;][et_pb_text _builder_version=&#8220;4.27.4&#8243; text_font=&#8220;|700|||||||&#8220; text_text_color=&#8220;#7b0a03&#8243; text_font_size=&#8220;18px&#8220; custom_padding=&#8220;||0px|||&#8220; hover_enabled=&#8220;0&#8243; global_colors_info=&#8220;{%22gcid-primary-color%22:%91%22header_text_color%22%93}&#8220; custom_margin=&#8220;||54px|||&#8220; header_text_color=&#8220;gcid-primary-color&#8220; sticky_enabled=&#8220;0&#8243;]<\/p>\n<h1><strong>DIE AFTER RACE PARTY<\/strong><\/h1>\n<p>[\/et_pb_text][et_pb_text _builder_version=&#8220;4.27.4&#8243; text_text_color=&#8220;#7f7f7f&#8220; text_font_size=&#8220;16px&#8220; text_line_height=&#8220;2.1em&#8220; hover_enabled=&#8220;0&#8243; global_colors_info=&#8220;{}&#8220; sticky_enabled=&#8220;0&#8243;]<\/p>\n<div class=\"et_pb_module et_pb_text et_pb_text_35 et_pb_bg_layout_light  et_pb_text_align_left\">\n<div class=\"et_pb_text_inner\">\n<p>Es startet <strong>DJ Flowmatic<\/strong>, der die Siegerehrung umrahmt und dann zur Party \u00fcberleitet. Auch nach den Pistoleros wird er wieder \u00dcbernehmen. Feiert mit uns die After Race Party!<\/p>\n<\/div>\n<\/div>\n<p>[\/et_pb_text][\/et_pb_column][\/et_pb_row][et_pb_row _builder_version=&#8220;4.27.4&#8243; _module_preset=&#8220;default&#8220; column_structure=&#8220;1_2,1_2&#8243;][et_pb_column _builder_version=&#8220;4.27.4&#8243; _module_preset=&#8220;default&#8220; type=&#8220;1_2&#8243;][et_pb_text _builder_version=&#8220;4.27.4&#8243; text_text_color=&#8220;#7f7f7f&#8220; text_font_size=&#8220;16px&#8220; text_line_height=&#8220;2.1em&#8220; hover_enabled=&#8220;0&#8243; global_colors_info=&#8220;{}&#8220; sticky_enabled=&#8220;0&#8243;]<\/p>\n<div class=\"et_pb_module et_pb_text et_pb_text_35 et_pb_bg_layout_light  et_pb_text_align_left\">\n<div class=\"et_pb_text_inner\">\n<p style=\"text-align: center;\"><strong>Der Hauptact: LOS PISTOLEROS G\u00dcEROS&#8230;<\/strong><\/p>\n<p style=\"text-align: center;\">sind ein K\u00fcnstlerkollektiv aus Bamberg, das sich auf Live-Konzerten fast ausschliesslich mit Eigenkompositionen pr\u00e4sentiert. Die wechselnde Besetzung besteht dabei aus Gitarre &amp; Bass, Drums und einer Bl\u00e4ser-Section, einem Akkordeon und mindestens zwei Percussionisten.<br \/>Wenn die Band sich inmitten von traditioneller Cumbia und Neo Latin ihre eigene Soundpalette schafft,verbindet sie die alten Melodien Lateinamerikas mit den modernen Kl\u00e4ngen des Kontinents, wobei<br \/>\u00fcberwiegend spanische Ges\u00e4nge dabei auf fette Percussion-Beats treffen.<br \/>So schaffen es die Pistoleros, immer wieder neue Zuh\u00f6rer aus allen Richtungen f\u00fcr ihre Live-Kunst zu begeistern. Ihr Hauptziel ist es, dabei ihren Zuh\u00f6rern die musikalische Seele Lateinamerikas n\u00e4her zu bringen.<b><br \/><\/b><\/p>\n<\/div>\n<\/div>\n<p>[\/et_pb_text][et_pb_button button_text=&#8220;Zu den Pistoleros G\u00fceros&#8220; _builder_version=&#8220;4.27.4&#8243; _module_preset=&#8220;default&#8220; custom_button=&#8220;on&#8220; button_text_color=&#8220;#FFFFFF&#8220; global_colors_info=&#8220;{%22gcid-primary-color%22:%91%22button_bg_color%22%93}&#8220; button_bg_color=&#8220;gcid-primary-color&#8220; button_bg_enable_color=&#8220;on&#8220; button_icon=&#8220;&#x39;||divi||400&#8243; button_icon_color=&#8220;#FFFFFF&#8220; hover_enabled=&#8220;0&#8243; sticky_enabled=&#8220;0&#8243; button_url=&#8220;https:\/\/www.youtube.com\/lospistolerosgueros&#8220; url_new_window=&#8220;on&#8220;][\/et_pb_button][\/et_pb_column][et_pb_column _builder_version=&#8220;4.27.4&#8243; _module_preset=&#8220;default&#8220; type=&#8220;1_2&#8243;][et_pb_slider admin_label=&#8220;Sponsoren 1&#8243; _builder_version=&#8220;4.27.4&#8243; _module_preset=&#8220;default&#8220; background_color=&#8220;gcid-secondary-color&#8220; custom_margin=&#8220;-2px|||||&#8220; custom_padding=&#8220;25px||90px|||&#8220; animation_style=&#8220;fade&#8220; auto=&#8220;on&#8220; auto_speed=&#8220;5000&#8243; link_option_url=&#8220;https:\/\/www.youtube.com\/lospistolerosgueros&#8220; link_option_url_new_window=&#8220;on&#8220; hover_enabled=&#8220;0&#8243; global_colors_info=&#8220;{%22gcid-secondary-color%22:%91%22background_color%22%93}&#8220; locked=&#8220;off&#8220; sticky_enabled=&#8220;0&#8243; show_image_video_mobile=&#8220;on&#8220;][et_pb_slide image=&#8220;https:\/\/mainathlon.de\/wp-content\/uploads\/2025\/04\/Los_Pistoleros_-_Presskit_Tour_20253png.png&#8220; _builder_version=&#8220;4.27.4&#8243; _module_preset=&#8220;default&#8220; global_colors_info=&#8220;{}&#8220; sticky_transition=&#8220;on&#8220; locked=&#8220;off&#8220;][\/et_pb_slide][et_pb_slide image=&#8220;https:\/\/mainathlon.de\/wp-content\/uploads\/2025\/04\/Los_Pistoleros_-_Presskit_Tour_20251.png&#8220; _builder_version=&#8220;4.27.4&#8243; _module_preset=&#8220;default&#8220; global_colors_info=&#8220;{}&#8220; sticky_transition=&#8220;on&#8220; locked=&#8220;off&#8220;][\/et_pb_slide][et_pb_slide image=&#8220;https:\/\/mainathlon.de\/wp-content\/uploads\/2025\/04\/Los_Pistoleros_-_Presskit_Tour_20252.png&#8220; _builder_version=&#8220;4.27.4&#8243; _module_preset=&#8220;default&#8220; global_colors_info=&#8220;{}&#8220; sticky_transition=&#8220;on&#8220; locked=&#8220;off&#8220;][\/et_pb_slide][\/et_pb_slider][\/et_pb_column][\/et_pb_row][\/et_pb_section][et_pb_section fb_built=&#8220;1&#8243; _builder_version=&#8220;4.16&#8243; custom_padding=&#8220;0|0px|0|0px|false|false&#8220; global_colors_info=&#8220;{}&#8220;][et_pb_row _builder_version=&#8220;4.16&#8243; global_colors_info=&#8220;{}&#8220;][et_pb_column type=&#8220;4_4&#8243; _builder_version=&#8220;4.16&#8243; custom_padding=&#8220;|||&#8220; global_colors_info=&#8220;{}&#8220; custom_padding__hover=&#8220;|||&#8220;][et_pb_text _builder_version=&#8220;4.27.4&#8243; text_font=&#8220;||||||||&#8220; text_text_color=&#8220;#7f7f7f&#8220; text_font_size=&#8220;16px&#8220; hover_enabled=&#8220;0&#8243; global_colors_info=&#8220;{}&#8220; sticky_enabled=&#8220;0&#8243;]<\/p>\n<p id=\"u106973-16\"><strong>Der mainathlon\u00a0 &#8211;\u00a0 Ein Fest f\u00fcr die ganze Familie!<\/strong><\/p>\n<p>An den Streckenh\u00f6hepunkten des mainathlon und den Ortsdurchfahrten sorgen Stra\u00dfenfeste und Musik f\u00fcr G\u00e4nsehautfeeling bei Teilnehmern und Zuschauern. So z.B. die Samba-Area im Eltmanner Zentrum, der AC\/DC-Tunnel oder der MTB-Parcour im Ortsteil Lembach.<\/p>\n<p id=\"u106973-18\">Der Wettkampf startet mit der gut einsehbaren Schwimmstrecke im Yachthafen am Main, setzt sich mit einer 23 km-Schleife auf dem Mountainbike fort, wobei alle Ortsteile der Stadt Eltmann durchfahren werden und endet mit der Laufstrecke. Die Schallmauer f\u00fcr die Schnellsten liegt bei etwa 90 Minuten.<\/p>\n<p id=\"u106973-20\">Die Wettkampfstrecken sind malerisch rund um die Wallburg eingebettet und tangieren viele Natursch\u00f6nheiten rund um Eltmann. Das Streckenprofil der Rad- und Laufstrecke weist dabei respektable Steigungen auf, die sowohl f\u00fcr Breitensportler als auch f\u00fcr Profis eine echte Herausforderung darstellen.<\/p>\n<p id=\"u106973-26\"><span id=\"u106973-25\">Ein Fest f\u00fcr die ganze Familie!<\/span><\/p>\n<p id=\"u106973-28\">Neben dem sportlichen Event soll der mainathlon ein Fest f\u00fcr die ganze Familie sein. Dem tragen wir durch ein Rahmenprogramm f\u00fcr Jung und Alt einschl. der abendlichen AfterRace-Party Rechnung.<\/p>\n<p>[\/et_pb_text][et_pb_button button_url=&#8220;http:\/\/mainathlon.de\/?page_id=314&#8243; button_text=&#8220;Zeitplan&#8220; _builder_version=&#8220;4.16&#8243; custom_button=&#8220;on&#8220; button_text_color=&#8220;#7b0a03&#8243; button_border_color=&#8220;#7b0a03&#8243; button_font=&#8220;||||||||&#8220; button_icon=&#8220;&#x39;||divi||400&#8243; button_on_hover_tablet=&#8220;&#8220; button_on_hover_phone=&#8220;off&#8220; button_on_hover_last_edited=&#8220;on|phone&#8220; global_colors_info=&#8220;{}&#8220;][\/et_pb_button][\/et_pb_column][\/et_pb_row][\/et_pb_section][et_pb_section fb_built=&#8220;1&#8243; _builder_version=&#8220;4.16&#8243; custom_padding=&#8220;4px|0px|42px|0px|false|false&#8220; global_colors_info=&#8220;{}&#8220;][et_pb_row column_structure=&#8220;3_5,2_5&#8243; _builder_version=&#8220;4.16&#8243; custom_padding=&#8220;35px|0px|0|0px|false|false&#8220; global_colors_info=&#8220;{}&#8220;][et_pb_column type=&#8220;3_5&#8243; _builder_version=&#8220;4.16&#8243; custom_padding=&#8220;|||&#8220; global_colors_info=&#8220;{}&#8220; custom_padding__hover=&#8220;|||&#8220;][et_pb_text _builder_version=&#8220;4.16&#8243; text_font=&#8220;|700|||||||&#8220; text_text_color=&#8220;#7b0a03&#8243; text_font_size=&#8220;18px&#8220; global_colors_info=&#8220;{}&#8220;]<\/p>\n<p>DIE\u00a0 SIDE &#8211; EVENTS IM \u00dcBERBLICK<\/p>\n<p>[\/et_pb_text][\/et_pb_column][et_pb_column type=&#8220;2_5&#8243; _builder_version=&#8220;4.16&#8243; custom_padding=&#8220;|||&#8220; global_colors_info=&#8220;{}&#8220; custom_padding__hover=&#8220;|||&#8220;][\/et_pb_column][\/et_pb_row][et_pb_row _builder_version=&#8220;4.16&#8243; global_colors_info=&#8220;{}&#8220;][et_pb_column type=&#8220;4_4&#8243; _builder_version=&#8220;4.16&#8243; custom_padding=&#8220;|||&#8220; global_colors_info=&#8220;{}&#8220; custom_padding__hover=&#8220;|||&#8220;][et_pb_code _builder_version=&#8220;4.16&#8243; global_colors_info=&#8220;{}&#8220;]<iframe loading=\"lazy\" src=\"https:\/\/www.google.com\/maps\/d\/embed?mid=1tfzuD5mC2Ejrqq_c34xtRfQfZkY\" width=\"1800\" height=\"640\"><\/iframe>[\/et_pb_code][\/et_pb_column][\/et_pb_row][et_pb_row column_structure=&#8220;1_3,2_3&#8243; _builder_version=&#8220;4.16&#8243; global_colors_info=&#8220;{}&#8220;][et_pb_column type=&#8220;1_3&#8243; _builder_version=&#8220;4.16&#8243; custom_padding=&#8220;|||&#8220; global_colors_info=&#8220;{}&#8220; custom_padding__hover=&#8220;|||&#8220;][\/et_pb_column][et_pb_column type=&#8220;2_3&#8243; _builder_version=&#8220;4.16&#8243; custom_padding=&#8220;|||&#8220; global_colors_info=&#8220;{}&#8220; custom_padding__hover=&#8220;|||&#8220;][\/et_pb_column][\/et_pb_row][\/et_pb_section]<\/p>\n","protected":false},"excerpt":{"rendered":"<p>RahmenprogrammPowerd by &#8211; PID -Die 4. Disziplin&#8230;DIE AFTER RACE PARTY Es startet DJ Flowmatic, der die Siegerehrung umrahmt und dann zur Party \u00fcberleitet. Auch nach den Pistoleros wird er wieder \u00dcbernehmen. Feiert mit uns die After Race Party! Der Hauptact: LOS PISTOLEROS G\u00dcEROS&#8230; sind ein K\u00fcnstlerkollektiv aus Bamberg, das sich auf Live-Konzerten fast ausschliesslich mit [&hellip;]<\/p>\n","protected":false},"author":1,"featured_media":0,"parent":0,"menu_order":0,"comment_status":"closed","ping_status":"closed","template":"","meta":{"_et_pb_use_builder":"on","_et_pb_old_content":"","_et_gb_content_width":"","footnotes":""},"class_list":["post-251","page","type-page","status-publish","hentry"],"_links":{"self":[{"href":"https:\/\/mainathlon.de\/home\/wp-json\/wp\/v2\/pages\/251","targetHints":{"allow":["GET"]}}],"collection":[{"href":"https:\/\/mainathlon.de\/home\/wp-json\/wp\/v2\/pages"}],"about":[{"href":"https:\/\/mainathlon.de\/home\/wp-json\/wp\/v2\/types\/page"}],"author":[{"embeddable":true,"href":"https:\/\/mainathlon.de\/home\/wp-json\/wp\/v2\/users\/1"}],"replies":[{"embeddable":true,"href":"https:\/\/mainathlon.de\/home\/wp-json\/wp\/v2\/comments?post=251"}],"version-history":[{"count":24,"href":"https:\/\/mainathlon.de\/home\/wp-json\/wp\/v2\/pages\/251\/revisions"}],"predecessor-version":[{"id":2043,"href":"https:\/\/mainathlon.de\/home\/wp-json\/wp\/v2\/pages\/251\/revisions\/2043"}],"wp:attachment":[{"href":"https:\/\/mainathlon.de\/home\/wp-json\/wp\/v2\/media?parent=251"}],"curies":[{"name":"wp","href":"https:\/\/api.w.org\/{rel}","templated":true}]}}